{"id":953,"date":"2017-07-07T20:00:35","date_gmt":"2017-07-08T01:00:35","guid":{"rendered":"https:\/\/innervisionshealthcare.org\/opciones-de-embarazo\/ser-padres\/"},"modified":"2025-12-09T05:33:08","modified_gmt":"2025-12-09T11:33:08","slug":"ser-padres","status":"publish","type":"page","link":"https:\/\/innervisionshealthcare.org\/es\/opciones-de-embarazo\/ser-padres\/","title":{"rendered":"Ser padres"},"content":{"rendered":"<h2>La opci\u00f3n de los padres<\/h2>\n<p>La paternidad es una de las opciones que tiene a su disposici\u00f3n. Muy pocas personas se sienten preparadas para tener un hijo. Podemos proporcionarle recursos y apoyo si decide tomar esta decisi\u00f3n. Es probable que no haya ning\u00fan padre en el planeta que no haya tenido esa avalancha de emociones sobre &#8220;c\u00f3mo voy a hacer esto&#8221;. En una situaci\u00f3n perfecta, la idea de ser padres puede ser abrumadora. Lo entendemos perfectamente.<\/p>\n<p>Podemos ayudarle con los recursos y remisiones que necesita para la asistencia sanitaria, vivienda, WIC, seguro de salud, y otras agencias. En un momento en que las mujeres j\u00f3venes pueden sentirse m\u00e1s solas o necesitadas de ayuda, InnerVisions Healthcare puede aportar consuelo y estabilidad mediante el conocimiento y la capacitaci\u00f3n. Si le preocupa c\u00f3mo pagar los gastos de un hijo, su educaci\u00f3n, un trabajo o una decisi\u00f3n profesional, podemos ayudarle a encontrar los recursos que necesita.<\/p>\n<p>Tal vez quieras ser madre pero otra persona te presiona para que interrumpas el embarazo. Recuerda que es tu cuerpo y tu elecci\u00f3n. Nadie puede elegir por ti. Si no est\u00e1s segura de estar preparada, pero tampoco quieres abortar, la adopci\u00f3n es otra opci\u00f3n.<\/p>\n<h2>\u00bfEstoy preparado para ser padre?<\/h2>\n<p>En lo que respecta a su embarazo, tiene tres opciones. Una de ellas es iniciar tu viaje como padre. Quiz\u00e1 no te sientas preparado para ser padre. No eres la \u00fanica que se ha sentido as\u00ed, e incluso las mujeres y parejas que planean formar una familia experimentan una serie de emociones cuando la prueba de embarazo da positivo.<\/p>\n<p>Est\u00e9s donde est\u00e9s, estamos aqu\u00ed para ti. Podemos compartir informaci\u00f3n sobre c\u00f3mo ser\u00e1 ser padre y ofrecerte recursos y apoyo si decides que esta opci\u00f3n es la adecuada para ti.<\/p>\n<h2>Recursos para padres<\/h2>\n<p>Los cuidados prenatales le ayudan a usted y a su beb\u00e9 a mantenerse sanos durante todo el embarazo. Aunque no ofrecemos atenci\u00f3n prenatal, podemos remitirle a ginec\u00f3logos y obstetras cualificados y tambi\u00e9n ayudarle con los recursos que pueda necesitar.<\/p>\n<p>P\u00f3ngase en contacto con nosotros hoy mismo para obtener m\u00e1s informaci\u00f3n sobre esta opci\u00f3n.<\/p>\n<p><small>InnerVisions no ofrece atenci\u00f3n prenatal.<\/small><\/p>\n","protected":false},"excerpt":{"rendered":"<p>La opci\u00f3n de los padres La paternidad es una de las opciones que tiene a su disposici\u00f3n. Muy pocas personas &hellip; <a href=\"https:\/\/innervisionshealthcare.org\/es\/opciones-de-embarazo\/ser-padres\/\">Continued<\/a><\/p>\n","protected":false},"author":1,"featured_media":0,"parent":948,"menu_order":3,"comment_status":"closed","ping_status":"closed","template":"","meta":{"_acf_changed":false,"footnotes":""},"class_list":["post-953","page","type-page","status-publish","hentry"],"acf":[],"yoast_head":"<!-- This site is optimized with the Yoast SEO plugin v27.4 - https:\/\/yoast.com\/product\/yoast-seo-wordpress\/ -->\n<title>Ser padres | Innervisions Healthcare | Des Moines, IA<\/title>\n<meta name=\"description\" content=\"\u00bfEst\u00e1s pensando en ser padre? InnerVisions Healthcare te ofrece recursos, apoyo y referencias para ayudarte en tu viaje. Consigue hoy mismo la orientaci\u00f3n que necesitas\" \/>\n<meta name=\"robots\" content=\"index, follow, max-snippet:-1, max-image-preview:large, max-video-preview:-1\" \/>\n<link rel=\"canonical\" href=\"https:\/\/innervisionshealthcare.org\/es\/opciones-de-embarazo\/ser-padres\/\" \/>\n<meta property=\"og:locale\" content=\"es_ES\" \/>\n<meta property=\"og:type\" content=\"article\" \/>\n<meta property=\"og:title\" content=\"Ser padres | Innervisions Healthcare | Des Moines, IA\" \/>\n<meta property=\"og:description\" content=\"\u00bfEst\u00e1s pensando en ser padre? InnerVisions Healthcare te ofrece recursos, apoyo y referencias para ayudarte en tu viaje. Consigue hoy mismo la orientaci\u00f3n que necesitas\" \/>\n<meta property=\"og:url\" content=\"https:\/\/innervisionshealthcare.org\/es\/opciones-de-embarazo\/ser-padres\/\" \/>\n<meta property=\"og:site_name\" content=\"Innervisions Healthcare\" \/>\n<meta property=\"article:modified_time\" content=\"2025-12-09T11:33:08+00:00\" \/>\n<meta name=\"twitter:card\" content=\"summary_large_image\" \/>\n<meta name=\"twitter:label1\" content=\"Est. reading time\" \/>\n\t<meta name=\"twitter:data1\" content=\"2 minutos\" \/>\n<!-- \/ Yoast SEO plugin. -->","yoast_head_json":{"title":"Ser padres | Innervisions Healthcare | Des Moines, IA","description":"\u00bfEst\u00e1s pensando en ser padre? InnerVisions Healthcare te ofrece recursos, apoyo y referencias para ayudarte en tu viaje. Consigue hoy mismo la orientaci\u00f3n que necesitas","robots":{"index":"index","follow":"follow","max-snippet":"max-snippet:-1","max-image-preview":"max-image-preview:large","max-video-preview":"max-video-preview:-1"},"canonical":"https:\/\/innervisionshealthcare.org\/es\/opciones-de-embarazo\/ser-padres\/","og_locale":"es_ES","og_type":"article","og_title":"Ser padres | Innervisions Healthcare | Des Moines, IA","og_description":"\u00bfEst\u00e1s pensando en ser padre? InnerVisions Healthcare te ofrece recursos, apoyo y referencias para ayudarte en tu viaje. Consigue hoy mismo la orientaci\u00f3n que necesitas","og_url":"https:\/\/innervisionshealthcare.org\/es\/opciones-de-embarazo\/ser-padres\/","og_site_name":"Innervisions Healthcare","article_modified_time":"2025-12-09T11:33:08+00:00","twitter_card":"summary_large_image","twitter_misc":{"Est. reading time":"2 minutos"},"schema":{"@context":"https:\/\/schema.org","@graph":[{"@type":"WebPage","@id":"https:\/\/innervisionshealthcare.org\/es\/opciones-de-embarazo\/ser-padres\/","url":"https:\/\/innervisionshealthcare.org\/es\/opciones-de-embarazo\/ser-padres\/","name":"Ser padres | Innervisions Healthcare | Des Moines, IA","isPartOf":{"@id":"http:\/\/innervisionshealthcare2.calevir.com\/#website"},"datePublished":"2017-07-08T01:00:35+00:00","dateModified":"2025-12-09T11:33:08+00:00","description":"\u00bfEst\u00e1s pensando en ser padre? InnerVisions Healthcare te ofrece recursos, apoyo y referencias para ayudarte en tu viaje. Consigue hoy mismo la orientaci\u00f3n que necesitas","breadcrumb":{"@id":"https:\/\/innervisionshealthcare.org\/es\/opciones-de-embarazo\/ser-padres\/#breadcrumb"},"inLanguage":"es","potentialAction":[{"@type":"ReadAction","target":["https:\/\/innervisionshealthcare.org\/es\/opciones-de-embarazo\/ser-padres\/"]}]},{"@type":"BreadcrumbList","@id":"https:\/\/innervisionshealthcare.org\/es\/opciones-de-embarazo\/ser-padres\/#breadcrumb","itemListElement":[{"@type":"ListItem","position":1,"name":"Home","item":"https:\/\/innervisionshealthcare.org\/es\/"},{"@type":"ListItem","position":2,"name":"Opciones","item":"https:\/\/innervisionshealthcare.org\/es\/opciones-de-embarazo\/"},{"@type":"ListItem","position":3,"name":"Ser padres"}]},{"@type":"WebSite","@id":"http:\/\/innervisionshealthcare2.calevir.com\/#website","url":"http:\/\/innervisionshealthcare2.calevir.com\/","name":"Innervisions Healthcare","description":"","potentialAction":[{"@type":"SearchAction","target":{"@type":"EntryPoint","urlTemplate":"http:\/\/innervisionshealthcare2.calevir.com\/?s={search_term_string}"},"query-input":{"@type":"PropertyValueSpecification","valueRequired":true,"valueName":"search_term_string"}}],"inLanguage":"es"}]}},"_links":{"self":[{"href":"https:\/\/innervisionshealthcare.org\/es\/wp-json\/wp\/v2\/pages\/953","targetHints":{"allow":["GET"]}}],"collection":[{"href":"https:\/\/innervisionshealthcare.org\/es\/wp-json\/wp\/v2\/pages"}],"about":[{"href":"https:\/\/innervisionshealthcare.org\/es\/wp-json\/wp\/v2\/types\/page"}],"author":[{"embeddable":true,"href":"https:\/\/innervisionshealthcare.org\/es\/wp-json\/wp\/v2\/users\/1"}],"replies":[{"embeddable":true,"href":"https:\/\/innervisionshealthcare.org\/es\/wp-json\/wp\/v2\/comments?post=953"}],"version-history":[{"count":1,"href":"https:\/\/innervisionshealthcare.org\/es\/wp-json\/wp\/v2\/pages\/953\/revisions"}],"predecessor-version":[{"id":1675,"href":"https:\/\/innervisionshealthcare.org\/es\/wp-json\/wp\/v2\/pages\/953\/revisions\/1675"}],"up":[{"embeddable":true,"href":"https:\/\/innervisionshealthcare.org\/es\/wp-json\/wp\/v2\/pages\/948"}],"wp:attachment":[{"href":"https:\/\/innervisionshealthcare.org\/es\/wp-json\/wp\/v2\/media?parent=953"}],"curies":[{"name":"wp","href":"https:\/\/api.w.org\/{rel}","templated":true}]}}