{"id":954,"date":"2017-07-07T19:59:06","date_gmt":"2017-07-08T00:59:06","guid":{"rendered":"https:\/\/innervisionshealthcare.org\/acerca-de\/"},"modified":"2017-07-07T19:59:06","modified_gmt":"2017-07-08T00:59:06","slug":"acerca-de","status":"publish","type":"page","link":"https:\/\/innervisionshealthcare.org\/es\/acerca-de\/","title":{"rendered":"Acerca de"},"content":{"rendered":"<span data-preserver-spaces=\"true\">Desde 2011, Innervisions HealthCare ha ayudado a miles de personas en todo Des Moines y Central Iowa con pruebas de embarazo, pruebas de ETS, ultrasonidos y m\u00e1s. Puedes hablar con un profesional m\u00e9dico sobre tu embarazo no planificado. Le ofrecemos servicios gratuitos de detecci\u00f3n del embarazo, que incluyen una ecograf\u00eda para determinar su estado. La visita a la consulta y todos nuestros servicios son totalmente gratuitos. Ofrecemos un entorno abierto y atento a cargo de personal m\u00e9dico cualificado.<\/span>\n<h2><span data-preserver-spaces=\"true\">Nuestra misi\u00f3n<\/span><\/h2>\n<span data-preserver-spaces=\"true\">Innervisions HealthCare proporciona a mujeres y hombres que se enfrentan a embarazos no deseados o enfermedades de transmisi\u00f3n sexual informaci\u00f3n compasiva, sincera y sin prejuicios, educaci\u00f3n sobre integridad sexual y atenci\u00f3n m\u00e9dica gratuita, para que puedan tomar las decisiones m\u00e1s informadas para ellos y sus familias.<\/span>\n<h2><span data-preserver-spaces=\"true\">Embarazo gratuito, atento y confidencial<\/span><\/h2>\n<span data-preserver-spaces=\"true\">\u00bfEl embarazo no entra en tus planes? \u00bfUn mill\u00f3n de preguntas inundan su mente? Lo entendemos. Podemos ayudarle a obtener respuestas a esas preguntas. Ofrecemos pruebas de embarazo, ecograf\u00edas limitadas y pruebas de ETS\/ITS. Nuestro personal m\u00e9dico cualificado puede proporcionarle la <a href=\"https:\/\/innervisionshealthcare.org\/es\/services\/abortion-info\/\">informaci\u00f3n<\/a>, los recursos y el apoyo que necesita.<\/span>\n<h2><span data-preserver-spaces=\"true\">Pr\u00f3ximos pasos<\/span><\/h2>\n<span data-preserver-spaces=\"true\">\u00bfY ahora qu\u00e9 haces? Son muchas las emociones que se te pasan por la cabeza y estamos aqu\u00ed para ayudarte a tomar la mejor decisi\u00f3n. Nuestro personal de profesionales m\u00e9dicos cualificados puede proporcionarle la informaci\u00f3n y el apoyo que necesita. Obt\u00e9n respuestas sobre las opciones de embarazo y los riesgos.<\/span>\n\n<span data-preserver-spaces=\"true\">Estamos a su disposici\u00f3n. S<\/span><span data-preserver-spaces=\"true\">concertar una cita<\/span><span data-preserver-spaces=\"true\"> para nuestros <\/span><span data-preserver-spaces=\"true\">servicios gratuitos y confidenciales<\/span><span data-preserver-spaces=\"true\">.<\/span>\n\n<!-- \/wp:post-content -->","protected":false},"excerpt":{"rendered":"<p>Desde 2011, Innervisions HealthCare ha ayudado a miles de personas en todo Des Moines y Central Iowa con pruebas de &hellip; <a href=\"https:\/\/innervisionshealthcare.org\/es\/acerca-de\/\">Continued<\/a><\/p>\n","protected":false},"author":1,"featured_media":0,"parent":0,"menu_order":9,"comment_status":"closed","ping_status":"closed","template":"","meta":{"_acf_changed":false,"footnotes":""},"class_list":["post-954","page","type-page","status-publish","hentry"],"acf":[],"yoast_head":"<!-- This site is optimized with the Yoast SEO plugin v27.3 - https:\/\/yoast.com\/product\/yoast-seo-wordpress\/ -->\n<title>Acerca de | Innervisions Healthcare | Des Moines, IA<\/title>\n<meta name=\"description\" content=\"Read more about Acerca de in this page. Innervisions Healthcare offers free and confidential pregnancy services. Schedule an appointment now!\" \/>\n<meta name=\"robots\" content=\"index, follow, max-snippet:-1, max-image-preview:large, max-video-preview:-1\" \/>\n<link rel=\"canonical\" href=\"https:\/\/innervisionshealthcare.org\/es\/acerca-de\/\" \/>\n<meta property=\"og:locale\" content=\"es_ES\" \/>\n<meta property=\"og:type\" content=\"article\" \/>\n<meta property=\"og:title\" content=\"Acerca de | Innervisions Healthcare | Des Moines, IA\" \/>\n<meta property=\"og:description\" content=\"Read more about Acerca de in this page. Innervisions Healthcare offers free and confidential pregnancy services. Schedule an appointment now!\" \/>\n<meta property=\"og:url\" content=\"https:\/\/innervisionshealthcare.org\/es\/acerca-de\/\" \/>\n<meta property=\"og:site_name\" content=\"Innervisions Healthcare\" \/>\n<meta name=\"twitter:card\" content=\"summary_large_image\" \/>\n<meta name=\"twitter:label1\" content=\"Est. reading time\" \/>\n\t<meta name=\"twitter:data1\" content=\"1 minuto\" \/>\n<!-- \/ Yoast SEO plugin. -->","yoast_head_json":{"title":"Acerca de | Innervisions Healthcare | Des Moines, IA","description":"Read more about Acerca de in this page. Innervisions Healthcare offers free and confidential pregnancy services. Schedule an appointment now!","robots":{"index":"index","follow":"follow","max-snippet":"max-snippet:-1","max-image-preview":"max-image-preview:large","max-video-preview":"max-video-preview:-1"},"canonical":"https:\/\/innervisionshealthcare.org\/es\/acerca-de\/","og_locale":"es_ES","og_type":"article","og_title":"Acerca de | Innervisions Healthcare | Des Moines, IA","og_description":"Read more about Acerca de in this page. Innervisions Healthcare offers free and confidential pregnancy services. Schedule an appointment now!","og_url":"https:\/\/innervisionshealthcare.org\/es\/acerca-de\/","og_site_name":"Innervisions Healthcare","twitter_card":"summary_large_image","twitter_misc":{"Est. reading time":"1 minuto"},"schema":{"@context":"https:\/\/schema.org","@graph":[{"@type":"WebPage","@id":"https:\/\/innervisionshealthcare.org\/es\/acerca-de\/","url":"https:\/\/innervisionshealthcare.org\/es\/acerca-de\/","name":"Acerca de | Innervisions Healthcare | Des Moines, IA","isPartOf":{"@id":"http:\/\/innervisionshealthcare2.calevir.com\/#website"},"datePublished":"2017-07-08T00:59:06+00:00","description":"Read more about Acerca de in this page. Innervisions Healthcare offers free and confidential pregnancy services. Schedule an appointment now!","breadcrumb":{"@id":"https:\/\/innervisionshealthcare.org\/es\/acerca-de\/#breadcrumb"},"inLanguage":"es","potentialAction":[{"@type":"ReadAction","target":["https:\/\/innervisionshealthcare.org\/es\/acerca-de\/"]}]},{"@type":"BreadcrumbList","@id":"https:\/\/innervisionshealthcare.org\/es\/acerca-de\/#breadcrumb","itemListElement":[{"@type":"ListItem","position":1,"name":"Home","item":"https:\/\/innervisionshealthcare.org\/es\/"},{"@type":"ListItem","position":2,"name":"Acerca de"}]},{"@type":"WebSite","@id":"http:\/\/innervisionshealthcare2.calevir.com\/#website","url":"http:\/\/innervisionshealthcare2.calevir.com\/","name":"Innervisions Healthcare","description":"","potentialAction":[{"@type":"SearchAction","target":{"@type":"EntryPoint","urlTemplate":"http:\/\/innervisionshealthcare2.calevir.com\/?s={search_term_string}"},"query-input":{"@type":"PropertyValueSpecification","valueRequired":true,"valueName":"search_term_string"}}],"inLanguage":"es"}]}},"_links":{"self":[{"href":"https:\/\/innervisionshealthcare.org\/es\/wp-json\/wp\/v2\/pages\/954","targetHints":{"allow":["GET"]}}],"collection":[{"href":"https:\/\/innervisionshealthcare.org\/es\/wp-json\/wp\/v2\/pages"}],"about":[{"href":"https:\/\/innervisionshealthcare.org\/es\/wp-json\/wp\/v2\/types\/page"}],"author":[{"embeddable":true,"href":"https:\/\/innervisionshealthcare.org\/es\/wp-json\/wp\/v2\/users\/1"}],"replies":[{"embeddable":true,"href":"https:\/\/innervisionshealthcare.org\/es\/wp-json\/wp\/v2\/comments?post=954"}],"version-history":[{"count":0,"href":"https:\/\/innervisionshealthcare.org\/es\/wp-json\/wp\/v2\/pages\/954\/revisions"}],"wp:attachment":[{"href":"https:\/\/innervisionshealthcare.org\/es\/wp-json\/wp\/v2\/media?parent=954"}],"curies":[{"name":"wp","href":"https:\/\/api.w.org\/{rel}","templated":true}]}}