{"id":955,"date":"2017-07-07T20:00:23","date_gmt":"2017-07-08T01:00:23","guid":{"rendered":"https:\/\/innervisionshealthcare.org\/opciones-de-embarazo\/adopcion\/"},"modified":"2025-12-09T05:33:08","modified_gmt":"2025-12-09T11:33:08","slug":"adopcion","status":"publish","type":"page","link":"https:\/\/innervisionshealthcare.org\/es\/opciones-de-embarazo\/adopcion\/","title":{"rendered":"Adopci\u00f3n"},"content":{"rendered":"<h2><span style=\"font-weight: 400;\">\u00bfQu\u00e9 es la adopci\u00f3n?<\/span><\/h2>\n<p>Lo sabemos, la adopci\u00f3n puede dar miedo, pero queremos que sepas que es una opci\u00f3n.  <span style=\"font-weight: 400;\">Cuando te enfrentas a un embarazo no planificado, la adopci\u00f3n puede ser algo que veas que se adapta bien a tu estilo de vida. Muchas mujeres est\u00e1n confusas sobre el proceso o tienen ideas preconcebidas sobre esta opci\u00f3n. Esperamos simplificarle los detalles y darle m\u00e1s claridad.<\/span><\/p>\n<h2><span style=\"font-weight: 400;\">El proceso de adopci\u00f3n<\/span><\/h2>\n<p><span style=\"font-weight: 400;\">Tal vez el aborto o la paternidad no parezcan las opciones adecuadas para ti. Si tiene que hacer frente a circunstancias de la vida o a dificultades econ\u00f3micas, la adopci\u00f3n puede ser para usted. El proceso de adopci\u00f3n ha cambiado radicalmente con los a\u00f1os y sigue mejorando. Hoy en d\u00eda, la madre biol\u00f3gica tiene el control y toma muchas de las decisiones.<\/span><\/p>\n<h2>Tipos de adopci\u00f3n<\/h2>\n<h3>Adopci\u00f3n abierta<\/h3>\n<p><span style=\"font-weight: 400;\">La adopci\u00f3n abierta es un tipo de adopci\u00f3n com\u00fan hoy en d\u00eda. Con este tipo de adopci\u00f3n, la madre biol\u00f3gica toma la decisi\u00f3n de d\u00f3nde colocar a su beb\u00e9: con amigos, parientes u otra persona. Ella decide cu\u00e1nto contacto tiene con su hijo, si es que tiene alguno. Es importante saber que los estados tienen leyes diferentes, por lo que es importante contar con la ayuda de un abogado especializado en adopciones o de alguien que conozca bien la ley.  <\/span><\/p>\n<p><strong>Lo que hay que saber:<\/strong> Como ocurre con todas las decisiones, no siempre es f\u00e1cil. Las adopciones abiertas conllevan emociones dif\u00edciles. Algunas familias adoptivas pueden sentirse inseguras si el ni\u00f1o tiene un fuerte v\u00ednculo con su familia biol\u00f3gica. Y viceversa.<\/p>\n<h3>Adopci\u00f3n cerrada<\/h3>\n<p>American Adoptions comparte que se calcula que 1 de cada 10 adopciones es una adopci\u00f3n cerrada. Aunque las adopciones cerradas son poco frecuentes, eso no significa que no existan. El proceso incluye que una agencia de adopci\u00f3n encuentre una colocaci\u00f3n para el ni\u00f1o adoptado. El historial m\u00e9dico de los padres biol\u00f3gicos sigue entreg\u00e1ndose a los padres adoptivos, pero no se comparte ninguna otra informaci\u00f3n identificable. En una adopci\u00f3n cerrada, el contacto puede ser muy limitado o nulo.<\/p>\n<p><strong>Lo que hay que saber:<\/strong> Aunque una adopci\u00f3n cerrada puede parecer una buena opci\u00f3n ahora, lo cierto es que dificulta las cosas en el futuro si un hijo adoptivo adulto o una madre biol\u00f3gica quieren retomar el contacto. Las adopciones cerradas suelen plantear varias preguntas sin respuesta al ni\u00f1o adoptivo y a la familia biol\u00f3gica.<\/p>\n<h3>Adopci\u00f3n semiabierta<\/h3>\n<p>La adopci\u00f3n semiabierta se sit\u00faa entre la adopci\u00f3n abierta y la cerrada. Normalmente, en las adopciones semiabiertas hay menos comunicaci\u00f3n directa entre los padres biol\u00f3gicos y los adoptivos. Aunque se comparten los historiales m\u00e9dicos, no se comparten datos identificativos. En las adopciones semiabiertas, un profesional de la adopci\u00f3n media entre los padres biol\u00f3gicos y los adoptivos. Al igual que en las adopciones abiertas, los padres biol\u00f3gicos tienen mucho que decir sobre cu\u00e1les son sus deseos para los posibles padres adoptivos. Una agencia de adopci\u00f3n guiar\u00e1 el proceso de colocaci\u00f3n.<\/p>\n<p>Sin embargo, al igual que las adopciones abiertas, no hay dos semi-adopciones iguales. Pueden cambiar con el tiempo. Te da la libertad de ser flexible en cuanto al contacto, ya que puede cambiar con el tiempo a medida que te sientas m\u00e1s c\u00f3modo con la relaci\u00f3n familia adoptiva\/padres biol\u00f3gicos.<\/p>\n<h2><span style=\"font-weight: 400;\">\u00bfEs la adopci\u00f3n para m\u00ed?<\/span><\/h2>\n<p><span style=\"font-weight: 400;\">La adopci\u00f3n es una decisi\u00f3n importante y una opci\u00f3n que hay que explorar y meditar. W<\/span><span style=\"font-weight: 400;\">stamos encantados de compartir informaci\u00f3n y referencias que responder\u00e1n a las preguntas que pueda tener mientras busca la mejor opci\u00f3n para usted.<\/span><\/p>\n<p><span style=\"font-weight: 400;\">Ll\u00e1manos<\/span> <span style=\"font-weight: 400;\">hoy mismo para hablar con nuestro equipo sobre esta opci\u00f3n. Estamos a su disposici\u00f3n.<\/span><\/p>\n<p><small>InnerVisions no ofrece servicios de adopci\u00f3n.<\/small><\/p>\n","protected":false},"excerpt":{"rendered":"<p>\u00bfQu\u00e9 es la adopci\u00f3n? Lo sabemos, la adopci\u00f3n puede dar miedo, pero queremos que sepas que es una opci\u00f3n. Cuando &hellip; <a href=\"https:\/\/innervisionshealthcare.org\/es\/opciones-de-embarazo\/adopcion\/\">Continued<\/a><\/p>\n","protected":false},"author":1,"featured_media":0,"parent":948,"menu_order":4,"comment_status":"closed","ping_status":"closed","template":"","meta":{"_acf_changed":false,"footnotes":""},"class_list":["post-955","page","type-page","status-publish","hentry"],"acf":[],"yoast_head":"<!-- This site is optimized with the Yoast SEO plugin v27.4 - https:\/\/yoast.com\/product\/yoast-seo-wordpress\/ -->\n<title>Adopci\u00f3n | Innervisions Healthcare | Des Moines, IA<\/title>\n<meta name=\"description\" content=\"\u00bfTe preguntas sobre la adopci\u00f3n? InnerVisions Healthcare ofrece orientaci\u00f3n sobre el proceso y las opciones. Obt\u00e9n hoy mismo el apoyo que necesitas para tomar una decisi\u00f3n informada.\" \/>\n<meta name=\"robots\" content=\"index, follow, max-snippet:-1, max-image-preview:large, max-video-preview:-1\" \/>\n<link rel=\"canonical\" href=\"https:\/\/innervisionshealthcare.org\/es\/opciones-de-embarazo\/adopcion\/\" \/>\n<meta property=\"og:locale\" content=\"es_ES\" \/>\n<meta property=\"og:type\" content=\"article\" \/>\n<meta property=\"og:title\" content=\"Adopci\u00f3n | Innervisions Healthcare | Des Moines, IA\" \/>\n<meta property=\"og:description\" content=\"\u00bfTe preguntas sobre la adopci\u00f3n? InnerVisions Healthcare ofrece orientaci\u00f3n sobre el proceso y las opciones. Obt\u00e9n hoy mismo el apoyo que necesitas para tomar una decisi\u00f3n informada.\" \/>\n<meta property=\"og:url\" content=\"https:\/\/innervisionshealthcare.org\/es\/opciones-de-embarazo\/adopcion\/\" \/>\n<meta property=\"og:site_name\" content=\"Innervisions Healthcare\" \/>\n<meta property=\"article:modified_time\" content=\"2025-12-09T11:33:08+00:00\" \/>\n<meta name=\"twitter:card\" content=\"summary_large_image\" \/>\n<meta name=\"twitter:label1\" content=\"Est. reading time\" \/>\n\t<meta name=\"twitter:data1\" content=\"3 minutos\" \/>\n<!-- \/ Yoast SEO plugin. -->","yoast_head_json":{"title":"Adopci\u00f3n | Innervisions Healthcare | Des Moines, IA","description":"\u00bfTe preguntas sobre la adopci\u00f3n? InnerVisions Healthcare ofrece orientaci\u00f3n sobre el proceso y las opciones. Obt\u00e9n hoy mismo el apoyo que necesitas para tomar una decisi\u00f3n informada.","robots":{"index":"index","follow":"follow","max-snippet":"max-snippet:-1","max-image-preview":"max-image-preview:large","max-video-preview":"max-video-preview:-1"},"canonical":"https:\/\/innervisionshealthcare.org\/es\/opciones-de-embarazo\/adopcion\/","og_locale":"es_ES","og_type":"article","og_title":"Adopci\u00f3n | Innervisions Healthcare | Des Moines, IA","og_description":"\u00bfTe preguntas sobre la adopci\u00f3n? InnerVisions Healthcare ofrece orientaci\u00f3n sobre el proceso y las opciones. Obt\u00e9n hoy mismo el apoyo que necesitas para tomar una decisi\u00f3n informada.","og_url":"https:\/\/innervisionshealthcare.org\/es\/opciones-de-embarazo\/adopcion\/","og_site_name":"Innervisions Healthcare","article_modified_time":"2025-12-09T11:33:08+00:00","twitter_card":"summary_large_image","twitter_misc":{"Est. reading time":"3 minutos"},"schema":{"@context":"https:\/\/schema.org","@graph":[{"@type":"WebPage","@id":"https:\/\/innervisionshealthcare.org\/es\/opciones-de-embarazo\/adopcion\/","url":"https:\/\/innervisionshealthcare.org\/es\/opciones-de-embarazo\/adopcion\/","name":"Adopci\u00f3n | Innervisions Healthcare | Des Moines, IA","isPartOf":{"@id":"http:\/\/innervisionshealthcare2.calevir.com\/#website"},"datePublished":"2017-07-08T01:00:23+00:00","dateModified":"2025-12-09T11:33:08+00:00","description":"\u00bfTe preguntas sobre la adopci\u00f3n? InnerVisions Healthcare ofrece orientaci\u00f3n sobre el proceso y las opciones. Obt\u00e9n hoy mismo el apoyo que necesitas para tomar una decisi\u00f3n informada.","breadcrumb":{"@id":"https:\/\/innervisionshealthcare.org\/es\/opciones-de-embarazo\/adopcion\/#breadcrumb"},"inLanguage":"es","potentialAction":[{"@type":"ReadAction","target":["https:\/\/innervisionshealthcare.org\/es\/opciones-de-embarazo\/adopcion\/"]}]},{"@type":"BreadcrumbList","@id":"https:\/\/innervisionshealthcare.org\/es\/opciones-de-embarazo\/adopcion\/#breadcrumb","itemListElement":[{"@type":"ListItem","position":1,"name":"Home","item":"https:\/\/innervisionshealthcare.org\/es\/"},{"@type":"ListItem","position":2,"name":"Opciones","item":"https:\/\/innervisionshealthcare.org\/es\/opciones-de-embarazo\/"},{"@type":"ListItem","position":3,"name":"Adopci\u00f3n"}]},{"@type":"WebSite","@id":"http:\/\/innervisionshealthcare2.calevir.com\/#website","url":"http:\/\/innervisionshealthcare2.calevir.com\/","name":"Innervisions Healthcare","description":"","potentialAction":[{"@type":"SearchAction","target":{"@type":"EntryPoint","urlTemplate":"http:\/\/innervisionshealthcare2.calevir.com\/?s={search_term_string}"},"query-input":{"@type":"PropertyValueSpecification","valueRequired":true,"valueName":"search_term_string"}}],"inLanguage":"es"}]}},"_links":{"self":[{"href":"https:\/\/innervisionshealthcare.org\/es\/wp-json\/wp\/v2\/pages\/955","targetHints":{"allow":["GET"]}}],"collection":[{"href":"https:\/\/innervisionshealthcare.org\/es\/wp-json\/wp\/v2\/pages"}],"about":[{"href":"https:\/\/innervisionshealthcare.org\/es\/wp-json\/wp\/v2\/types\/page"}],"author":[{"embeddable":true,"href":"https:\/\/innervisionshealthcare.org\/es\/wp-json\/wp\/v2\/users\/1"}],"replies":[{"embeddable":true,"href":"https:\/\/innervisionshealthcare.org\/es\/wp-json\/wp\/v2\/comments?post=955"}],"version-history":[{"count":1,"href":"https:\/\/innervisionshealthcare.org\/es\/wp-json\/wp\/v2\/pages\/955\/revisions"}],"predecessor-version":[{"id":1677,"href":"https:\/\/innervisionshealthcare.org\/es\/wp-json\/wp\/v2\/pages\/955\/revisions\/1677"}],"up":[{"embeddable":true,"href":"https:\/\/innervisionshealthcare.org\/es\/wp-json\/wp\/v2\/pages\/948"}],"wp:attachment":[{"href":"https:\/\/innervisionshealthcare.org\/es\/wp-json\/wp\/v2\/media?parent=955"}],"curies":[{"name":"wp","href":"https:\/\/api.w.org\/{rel}","templated":true}]}}