{"id":956,"date":"2023-07-24T23:55:57","date_gmt":"2023-07-25T04:55:57","guid":{"rendered":"https:\/\/innervisionshealthcare.org\/educacion\/"},"modified":"2023-07-24T23:55:57","modified_gmt":"2023-07-25T04:55:57","slug":"educacion","status":"publish","type":"page","link":"https:\/\/innervisionshealthcare.org\/es\/educacion\/","title":{"rendered":"Educaci\u00f3n"},"content":{"rendered":"<h2><span style=\"font-weight: 400;\">Perm\u00edtanos preparar a su alumno para conocerse a s\u00ed mismo y desenvolverse en las relaciones.<\/span><\/h2>\n<p><i><span style=\"font-weight: 400;\">El objetivo del programa de Educaci\u00f3n para las Relaciones de Inner Visions HealthCare es garantizar que los estudiantes reciban informaci\u00f3n precisa con el fin de reducir los embarazos no deseados y las enfermedades de transmisi\u00f3n sexual.<\/span><\/i><\/p>\n<p><span style=\"font-weight: 400;\">En nuestras clases de educaci\u00f3n para las relaciones, empezamos por desarrollar la motivaci\u00f3n intr\u00ednseca para tomar decisiones de vida saludables. Esto empieza por ayudar al alumno a comprenderse a s\u00ed mismo. Nos esforzamos por ayudar a los alumnos a cultivar relaciones sanas y seguras y a ampliar su concepto de intimidad mucho m\u00e1s all\u00e1 de la mera interacci\u00f3n f\u00edsica. Tambi\u00e9n proporcionamos informaci\u00f3n m\u00e9dicamente precisa sobre anatom\u00eda, ITS y embarazo. Por \u00faltimo, analizamos las repercusiones sociales y emocionales de la tecnolog\u00eda en las relaciones y llevamos a cabo estrategias interactivas dise\u00f1adas para entrelazar los conceptos y crear medidas pr\u00e1cticas y realistas para que los alumnos tomen decisiones saludables en la vida.<\/span><\/p>\n<p><img decoding=\"async\" class=\"wp-image-766 size-medium alignright\" src=\"https:\/\/innervisionshealthcare.org\/wp-content\/uploads\/2023\/07\/0-64bf574e43112-225x300.jpg\" alt=\"\" width=\"225\" height=\"300\" srcset=\"https:\/\/innervisionshealthcare.org\/wp-content\/uploads\/2023\/07\/0-64bf574e43112-225x300.jpg 225w, https:\/\/innervisionshealthcare.org\/wp-content\/uploads\/2023\/07\/0-64bf574e43112-90x120.jpg 90w, https:\/\/innervisionshealthcare.org\/wp-content\/uploads\/2023\/07\/0-64bf574e43112-431x575.jpg 431w, https:\/\/innervisionshealthcare.org\/wp-content\/uploads\/2023\/07\/0-64bf574e43112.jpg 480w\" sizes=\"(max-width: 225px) 100vw, 225px\" \/><\/p>\n<p><b>\u00bfC\u00f3mo te sientes amado?  <\/b><\/p>\n<p><span style=\"font-weight: 400;\">En una lecci\u00f3n presentada a j\u00f3venes adultos y al personal de Inner Visions Healthcare, los participantes realizaron un cuestionario sobre sus estilos de afirmaci\u00f3n (o lenguajes del amor), seguido de una ilustraci\u00f3n que mostraba c\u00f3mo los dem\u00e1s pueden ver cuando alguien est\u00e1 lleno de amor. Un participante cuyo principal lenguaje del amor son las palabras de afirmaci\u00f3n se puso la camiseta roja &#8220;Love Tank&#8221;, mientras que el resto escribi\u00f3 palabras de afirmaci\u00f3n en globos. Algunos dijeron &#8220;Me encanta tu sonrisa&#8221;, mientras que los participantes que conoc\u00edan a la mujer que llevaba la camiseta escribieron frases m\u00e1s \u00edntimas como &#8220;Sabes escuchar y tienes mucha sabidur\u00eda, me encanta ser tu amiga&#8221;. Aprender a recibir amor y a ofrec\u00e9rselo a los dem\u00e1s ayuda a mantener relaciones sanas.<\/span><\/p>\n<p><b><img decoding=\"async\" class=\"size-medium wp-image-767 alignleft\" src=\"https:\/\/innervisionshealthcare.org\/wp-content\/uploads\/2023\/07\/1-e1690261968691-234x300.jpg\" alt=\"\" width=\"234\" height=\"300\" srcset=\"https:\/\/innervisionshealthcare.org\/wp-content\/uploads\/2023\/07\/1-e1690261968691-234x300.jpg 234w, https:\/\/innervisionshealthcare.org\/wp-content\/uploads\/2023\/07\/1-e1690261968691-800x1024.jpg 800w, https:\/\/innervisionshealthcare.org\/wp-content\/uploads\/2023\/07\/1-e1690261968691-768x983.jpg 768w, https:\/\/innervisionshealthcare.org\/wp-content\/uploads\/2023\/07\/1-e1690261968691-94x120.jpg 94w, https:\/\/innervisionshealthcare.org\/wp-content\/uploads\/2023\/07\/1-e1690261968691-449x575.jpg 449w, https:\/\/innervisionshealthcare.org\/wp-content\/uploads\/2023\/07\/1-e1690261968691.jpg 988w\" sizes=\"(max-width: 234px) 100vw, 234px\" \/>Una visi\u00f3n distorsionada &#8211;  <\/b><\/p>\n<p><span style=\"font-weight: 400;\">Lecci\u00f3n presentada a alumnos de 8\u00ba curso sobre los efectos nocivos y los peligros de la pornograf\u00eda. Esta c\u00f3mica ilustraci\u00f3n demuestra la analog\u00eda de la distorsi\u00f3n de la realidad. Esta poderosa analog\u00eda permite iniciar un debate sobre la pornograf\u00eda y c\u00f3mo distorsiona nuestra visi\u00f3n del sexo, lo que puede tener efectos duraderos en las relaciones actuales y futuras.<\/span><\/p>\n<h4><a href=\"https:\/\/www.myrelationshipcenter.org\/real-essentials-training\/why-real-essential\">El Centro para la Educaci\u00f3n de las Relaciones<\/a><\/h4>\n<p>El Centro para la Educaci\u00f3n de las Relaciones se compromete a proporcionar conocimientos b\u00e1sicos sobre las relaciones a personas de todas las edades y condiciones sociales, con el fin de fomentar la comprensi\u00f3n y la comunicaci\u00f3n eficaz en la escuela, el lugar de trabajo y el hogar.<\/p>\n<h2>P\u00f3ngase en contacto con nosotros para obtener m\u00e1s informaci\u00f3n o programar un seminario o taller:<\/h2>\n<p><a href=\"mailto:education@innervisionshealthcare.org\">education@innervisionshealthcare.org<\/a><\/p>\n","protected":false},"excerpt":{"rendered":"<p>Perm\u00edtanos preparar a su alumno para conocerse a s\u00ed mismo y desenvolverse en las relaciones. El objetivo del programa de &hellip; <a href=\"https:\/\/innervisionshealthcare.org\/es\/educacion\/\">Continued<\/a><\/p>\n","protected":false},"author":3,"featured_media":0,"parent":0,"menu_order":0,"comment_status":"closed","ping_status":"closed","template":"","meta":{"_acf_changed":false,"footnotes":""},"class_list":["post-956","page","type-page","status-publish","hentry"],"acf":[],"yoast_head":"<!-- This site is optimized with the Yoast SEO plugin v27.3 - https:\/\/yoast.com\/product\/yoast-seo-wordpress\/ -->\n<title>Educaci\u00f3n | Innervisions Healthcare | Des Moines, IA<\/title>\n<meta name=\"description\" content=\"Read more about Educaci\u00f3n in this page. Innervisions Healthcare offers free and confidential pregnancy services. Schedule an appointment now!\" \/>\n<meta name=\"robots\" content=\"index, follow, max-snippet:-1, max-image-preview:large, max-video-preview:-1\" \/>\n<link rel=\"canonical\" href=\"https:\/\/innervisionshealthcare.org\/es\/educacion\/\" \/>\n<meta property=\"og:locale\" content=\"es_ES\" \/>\n<meta property=\"og:type\" content=\"article\" \/>\n<meta property=\"og:title\" content=\"Educaci\u00f3n | Innervisions Healthcare | Des Moines, IA\" \/>\n<meta property=\"og:description\" content=\"Read more about Educaci\u00f3n in this page. Innervisions Healthcare offers free and confidential pregnancy services. Schedule an appointment now!\" \/>\n<meta property=\"og:url\" content=\"https:\/\/innervisionshealthcare.org\/es\/educacion\/\" \/>\n<meta property=\"og:site_name\" content=\"Innervisions Healthcare\" \/>\n<meta property=\"og:image\" content=\"https:\/\/innervisionshealthcare.org\/wp-content\/uploads\/2023\/07\/0-64bf574e43112-225x300.jpg\" \/>\n<meta name=\"twitter:card\" content=\"summary_large_image\" \/>\n<meta name=\"twitter:label1\" content=\"Est. reading time\" \/>\n\t<meta name=\"twitter:data1\" content=\"2 minutos\" \/>\n<!-- \/ Yoast SEO plugin. -->","yoast_head_json":{"title":"Educaci\u00f3n | Innervisions Healthcare | Des Moines, IA","description":"Read more about Educaci\u00f3n in this page. Innervisions Healthcare offers free and confidential pregnancy services. Schedule an appointment now!","robots":{"index":"index","follow":"follow","max-snippet":"max-snippet:-1","max-image-preview":"max-image-preview:large","max-video-preview":"max-video-preview:-1"},"canonical":"https:\/\/innervisionshealthcare.org\/es\/educacion\/","og_locale":"es_ES","og_type":"article","og_title":"Educaci\u00f3n | Innervisions Healthcare | Des Moines, IA","og_description":"Read more about Educaci\u00f3n in this page. Innervisions Healthcare offers free and confidential pregnancy services. Schedule an appointment now!","og_url":"https:\/\/innervisionshealthcare.org\/es\/educacion\/","og_site_name":"Innervisions Healthcare","og_image":[{"url":"https:\/\/innervisionshealthcare.org\/wp-content\/uploads\/2023\/07\/0-64bf574e43112-225x300.jpg","type":"","width":"","height":""}],"twitter_card":"summary_large_image","twitter_misc":{"Est. reading time":"2 minutos"},"schema":{"@context":"https:\/\/schema.org","@graph":[{"@type":"WebPage","@id":"https:\/\/innervisionshealthcare.org\/es\/educacion\/","url":"https:\/\/innervisionshealthcare.org\/es\/educacion\/","name":"Educaci\u00f3n | Innervisions Healthcare | Des Moines, IA","isPartOf":{"@id":"http:\/\/innervisionshealthcare2.calevir.com\/#website"},"primaryImageOfPage":{"@id":"https:\/\/innervisionshealthcare.org\/es\/educacion\/#primaryimage"},"image":{"@id":"https:\/\/innervisionshealthcare.org\/es\/educacion\/#primaryimage"},"thumbnailUrl":"https:\/\/innervisionshealthcare.org\/wp-content\/uploads\/2023\/07\/0-64bf574e43112-225x300.jpg","datePublished":"2023-07-25T04:55:57+00:00","description":"Read more about Educaci\u00f3n in this page. Innervisions Healthcare offers free and confidential pregnancy services. Schedule an appointment now!","breadcrumb":{"@id":"https:\/\/innervisionshealthcare.org\/es\/educacion\/#breadcrumb"},"inLanguage":"es","potentialAction":[{"@type":"ReadAction","target":["https:\/\/innervisionshealthcare.org\/es\/educacion\/"]}]},{"@type":"ImageObject","inLanguage":"es","@id":"https:\/\/innervisionshealthcare.org\/es\/educacion\/#primaryimage","url":"https:\/\/innervisionshealthcare.org\/wp-content\/uploads\/2023\/07\/0-64bf574e43112-225x300.jpg","contentUrl":"https:\/\/innervisionshealthcare.org\/wp-content\/uploads\/2023\/07\/0-64bf574e43112-225x300.jpg"},{"@type":"BreadcrumbList","@id":"https:\/\/innervisionshealthcare.org\/es\/educacion\/#breadcrumb","itemListElement":[{"@type":"ListItem","position":1,"name":"Home","item":"https:\/\/innervisionshealthcare.org\/es\/"},{"@type":"ListItem","position":2,"name":"Educaci\u00f3n"}]},{"@type":"WebSite","@id":"http:\/\/innervisionshealthcare2.calevir.com\/#website","url":"http:\/\/innervisionshealthcare2.calevir.com\/","name":"Innervisions Healthcare","description":"","potentialAction":[{"@type":"SearchAction","target":{"@type":"EntryPoint","urlTemplate":"http:\/\/innervisionshealthcare2.calevir.com\/?s={search_term_string}"},"query-input":{"@type":"PropertyValueSpecification","valueRequired":true,"valueName":"search_term_string"}}],"inLanguage":"es"}]}},"_links":{"self":[{"href":"https:\/\/innervisionshealthcare.org\/es\/wp-json\/wp\/v2\/pages\/956","targetHints":{"allow":["GET"]}}],"collection":[{"href":"https:\/\/innervisionshealthcare.org\/es\/wp-json\/wp\/v2\/pages"}],"about":[{"href":"https:\/\/innervisionshealthcare.org\/es\/wp-json\/wp\/v2\/types\/page"}],"author":[{"embeddable":true,"href":"https:\/\/innervisionshealthcare.org\/es\/wp-json\/wp\/v2\/users\/3"}],"replies":[{"embeddable":true,"href":"https:\/\/innervisionshealthcare.org\/es\/wp-json\/wp\/v2\/comments?post=956"}],"version-history":[{"count":0,"href":"https:\/\/innervisionshealthcare.org\/es\/wp-json\/wp\/v2\/pages\/956\/revisions"}],"wp:attachment":[{"href":"https:\/\/innervisionshealthcare.org\/es\/wp-json\/wp\/v2\/media?parent=956"}],"curies":[{"name":"wp","href":"https:\/\/api.w.org\/{rel}","templated":true}]}}