{"id":958,"date":"2019-08-16T16:14:09","date_gmt":"2019-08-16T21:14:09","guid":{"rendered":"https:\/\/innervisionshealthcare.org\/estudiantes\/"},"modified":"2019-08-16T16:14:09","modified_gmt":"2019-08-16T21:14:09","slug":"estudiantes","status":"publish","type":"page","link":"https:\/\/innervisionshealthcare.org\/es\/estudiantes\/","title":{"rendered":"Estudiantes"},"content":{"rendered":"<h2>\u00bfEmbarazada y escolarizada?<\/h2>\n<p>Tu mundo ha cambiado dr\u00e1sticamente en cuesti\u00f3n de minutos tras mirar un test de embarazo positivo. \u00bfY ahora qu\u00e9? Enfrentarse a un embarazo no planificado conlleva miedos, confusi\u00f3n y mucho m\u00e1s. Quedarse embarazada durante los estudios no hace sino amplificar estas emociones. Podr\u00edas estar haci\u00e9ndote preguntas como&#8230;<\/p>\n<ul>\n<li>\u00bfEstoy preparado para ser padre?<\/li>\n<li>\u00bfQu\u00e9 pensar\u00e1n mis padres?<\/li>\n<li>\u00bfMe apoyar\u00e1 mi pareja?<\/li>\n<li>\u00bfPuedo terminar mis estudios?<\/li>\n<li>\u00bfQui\u00e9n me apoyar\u00e1 econ\u00f3micamente?<\/li>\n<\/ul>\n<p>Sabemos que este momento plantea muchas preguntas y dudas. Estamos aqu\u00ed para ofrecer ayuda y apoyo durante este tiempo. No est\u00e1 solo. Nuestros servicios y apoyo durante el embarazo son gratuitos y confidenciales porque nos importa. Nadie deber\u00eda tener que enfrentarse sola a un embarazo no planificado, pase lo que pase.<\/p>\n<h2>Confirme su embarazo<\/h2>\n<p>El mejor paso para obtener claridad sobre tu embarazo es confirmarlo con pruebas de embarazo de calidad de laboratorio y una ecograf\u00eda. Aunque la prueba de embarazo casera d\u00e9 positivo, existe la posibilidad de que los resultados sean err\u00f3neos. Realice hoy mismo una prueba de embarazo gratuita en nuestra cl\u00ednica para estar segura.<\/p>\n<p>Una ecograf\u00eda es vital para conocer las opciones de tu embarazo. Si est\u00e1s pensando en abortar, el tipo de aborto que te practiquen depender\u00e1 de lo avanzada que est\u00e9s. La ecograf\u00eda no s\u00f3lo verifica el estado de gestaci\u00f3n, sino tambi\u00e9n si el embarazo es viable (est\u00e1 creciendo) y sano. Podr\u00eda haber complicaciones en el embarazo y es importante saberlo antes de tomar una decisi\u00f3n. Tambi\u00e9n le ofrecemos ecograf\u00edas gratuitas.<\/p>\n<h2>Conozca todas sus opciones<\/h2>\n<p>Sabemos que un embarazo no planificado durante tus a\u00f1os escolares no era el plan y estamos aqu\u00ed para ti. Aunque puede que te agite ahora mismo, no te sentir\u00e1s as\u00ed para siempre.<\/p>\n<p>Recuerda que la decisi\u00f3n que tomes sobre el embarazo depende totalmente de ti. Puede que te sientas presionado por amigos o familiares, pero ellos no tienen la \u00faltima palabra. Se trata de una decisi\u00f3n que repercutir\u00e1 en el resto de su vida, independientemente de la opci\u00f3n que elija.<\/p>\n<p>Se lo debe a usted mismo y a su futuro para conocer los hechos. Comente sus opciones con uno de nuestros empleados hoy mismo. Concierte una cita gratuita y confidencial para saber qu\u00e9 hacer a continuaci\u00f3n.<\/p>\n","protected":false},"excerpt":{"rendered":"<p>\u00bfEmbarazada y escolarizada? Tu mundo ha cambiado dr\u00e1sticamente en cuesti\u00f3n de minutos tras mirar un test de embarazo positivo. \u00bfY &hellip; <a href=\"https:\/\/innervisionshealthcare.org\/es\/estudiantes\/\">Continued<\/a><\/p>\n","protected":false},"author":1,"featured_media":0,"parent":0,"menu_order":0,"comment_status":"closed","ping_status":"closed","template":"","meta":{"_acf_changed":false,"footnotes":""},"class_list":["post-958","page","type-page","status-publish","hentry"],"acf":[],"yoast_head":"<!-- This site is optimized with the Yoast SEO plugin v27.3 - https:\/\/yoast.com\/product\/yoast-seo-wordpress\/ -->\n<title>Estudiantes | Innervisions Healthcare | Des Moines, IA<\/title>\n<meta name=\"description\" content=\"Read more about Estudiantes in this page. Innervisions Healthcare offers free and confidential pregnancy services. Schedule an appointment now!\" \/>\n<meta name=\"robots\" content=\"index, follow, max-snippet:-1, max-image-preview:large, max-video-preview:-1\" \/>\n<link rel=\"canonical\" href=\"https:\/\/innervisionshealthcare.org\/es\/estudiantes\/\" \/>\n<meta property=\"og:locale\" content=\"es_ES\" \/>\n<meta property=\"og:type\" content=\"article\" \/>\n<meta property=\"og:title\" content=\"Estudiantes | Innervisions Healthcare | Des Moines, IA\" \/>\n<meta property=\"og:description\" content=\"Read more about Estudiantes in this page. Innervisions Healthcare offers free and confidential pregnancy services. Schedule an appointment now!\" \/>\n<meta property=\"og:url\" content=\"https:\/\/innervisionshealthcare.org\/es\/estudiantes\/\" \/>\n<meta property=\"og:site_name\" content=\"Innervisions Healthcare\" \/>\n<meta name=\"twitter:card\" content=\"summary_large_image\" \/>\n<meta name=\"twitter:label1\" content=\"Est. reading time\" \/>\n\t<meta name=\"twitter:data1\" content=\"2 minutos\" \/>\n<!-- \/ Yoast SEO plugin. -->","yoast_head_json":{"title":"Estudiantes | Innervisions Healthcare | Des Moines, IA","description":"Read more about Estudiantes in this page. Innervisions Healthcare offers free and confidential pregnancy services. Schedule an appointment now!","robots":{"index":"index","follow":"follow","max-snippet":"max-snippet:-1","max-image-preview":"max-image-preview:large","max-video-preview":"max-video-preview:-1"},"canonical":"https:\/\/innervisionshealthcare.org\/es\/estudiantes\/","og_locale":"es_ES","og_type":"article","og_title":"Estudiantes | Innervisions Healthcare | Des Moines, IA","og_description":"Read more about Estudiantes in this page. Innervisions Healthcare offers free and confidential pregnancy services. Schedule an appointment now!","og_url":"https:\/\/innervisionshealthcare.org\/es\/estudiantes\/","og_site_name":"Innervisions Healthcare","twitter_card":"summary_large_image","twitter_misc":{"Est. reading time":"2 minutos"},"schema":{"@context":"https:\/\/schema.org","@graph":[{"@type":"WebPage","@id":"https:\/\/innervisionshealthcare.org\/es\/estudiantes\/","url":"https:\/\/innervisionshealthcare.org\/es\/estudiantes\/","name":"Estudiantes | Innervisions Healthcare | Des Moines, IA","isPartOf":{"@id":"http:\/\/innervisionshealthcare2.calevir.com\/#website"},"datePublished":"2019-08-16T21:14:09+00:00","description":"Read more about Estudiantes in this page. Innervisions Healthcare offers free and confidential pregnancy services. Schedule an appointment now!","breadcrumb":{"@id":"https:\/\/innervisionshealthcare.org\/es\/estudiantes\/#breadcrumb"},"inLanguage":"es","potentialAction":[{"@type":"ReadAction","target":["https:\/\/innervisionshealthcare.org\/es\/estudiantes\/"]}]},{"@type":"BreadcrumbList","@id":"https:\/\/innervisionshealthcare.org\/es\/estudiantes\/#breadcrumb","itemListElement":[{"@type":"ListItem","position":1,"name":"Home","item":"https:\/\/innervisionshealthcare.org\/es\/"},{"@type":"ListItem","position":2,"name":"Estudiantes"}]},{"@type":"WebSite","@id":"http:\/\/innervisionshealthcare2.calevir.com\/#website","url":"http:\/\/innervisionshealthcare2.calevir.com\/","name":"Innervisions Healthcare","description":"","potentialAction":[{"@type":"SearchAction","target":{"@type":"EntryPoint","urlTemplate":"http:\/\/innervisionshealthcare2.calevir.com\/?s={search_term_string}"},"query-input":{"@type":"PropertyValueSpecification","valueRequired":true,"valueName":"search_term_string"}}],"inLanguage":"es"}]}},"_links":{"self":[{"href":"https:\/\/innervisionshealthcare.org\/es\/wp-json\/wp\/v2\/pages\/958","targetHints":{"allow":["GET"]}}],"collection":[{"href":"https:\/\/innervisionshealthcare.org\/es\/wp-json\/wp\/v2\/pages"}],"about":[{"href":"https:\/\/innervisionshealthcare.org\/es\/wp-json\/wp\/v2\/types\/page"}],"author":[{"embeddable":true,"href":"https:\/\/innervisionshealthcare.org\/es\/wp-json\/wp\/v2\/users\/1"}],"replies":[{"embeddable":true,"href":"https:\/\/innervisionshealthcare.org\/es\/wp-json\/wp\/v2\/comments?post=958"}],"version-history":[{"count":0,"href":"https:\/\/innervisionshealthcare.org\/es\/wp-json\/wp\/v2\/pages\/958\/revisions"}],"wp:attachment":[{"href":"https:\/\/innervisionshealthcare.org\/es\/wp-json\/wp\/v2\/media?parent=958"}],"curies":[{"name":"wp","href":"https:\/\/api.w.org\/{rel}","templated":true}]}}