{"id":961,"date":"2017-07-07T20:00:12","date_gmt":"2017-07-08T01:00:12","guid":{"rendered":"https:\/\/innervisionshealthcare.org\/opciones-de-embarazo\/aborto\/"},"modified":"2017-07-07T20:00:12","modified_gmt":"2017-07-08T01:00:12","slug":"aborto","status":"publish","type":"page","link":"https:\/\/innervisionshealthcare.org\/es\/opciones-de-embarazo\/aborto\/","title":{"rendered":"Aborto"},"content":{"rendered":"<h2>\u00bfPensando en abortar?<\/h2>\n<p>Sabemos que esta decisi\u00f3n es dif\u00edcil; cualquier decisi\u00f3n sobre el embarazo lo es. Sepa que no est\u00e1 solo. Informarse y formarse m\u00e1s sobre el aborto y sus riesgos. Merece conocer a fondo cada procedimiento y lo que conlleva cada tipo de aborto. Si a\u00fan tiene preguntas, p\u00f3ngase en contacto con nosotros para conocer mejor sus opciones y obtener respuestas.<\/p>\n<h2>Tipos de procedimientos abortivos<\/h2>\n<h3>Aborto m\u00e9dico<\/h3>\n<p><span data-slate-fragment=\"JTVCJTdCJTIydHlwZSUyMiUzQSUyMm51bWJlcmVkLWxpc3QlMjIlMkMlMjJjaGlsZHJlbiUyMiUzQSU1QiU3QiUyMnR5cGUlMjIlM0ElMjJsaXN0LWl0ZW0lMjIlMkMlMjJjaGlsZHJlbiUyMiUzQSU1QiU3QiUyMnRleHQlMjIlM0ElMjJBbHNvJTIwa25vd24lMjBhcyUyMHRoZSUyMG1lZGljYXRpb24lMjBhYm9ydGlvbiUyQyUyMHRoaXMlMjB0eXBlJTIwb2YlMjBhYm9ydGlvbiUyMGlzJTIwYXBwcm92ZWQlMjBieSUyMHRoZSUyMEZEQSUyMGZvciUyMHdvbWVuJTIwMTAlMjB3ZWVrcyUyMHByZWduYW50JTIwb3IlMjBlYXJsaWVyJUUyJTgwJTlEJTIyJTJDJTIyYm9sZCUyMiUzQXRydWUlMkMlMjJjb2xvciUyMiUzQSUyMnJnYig3NCUyQyUyMDc0JTJDJTIwNzQpJTIyJTdEJTVEJTdEJTVEJTdEJTVE\">Tambi\u00e9n conocido como aborto farmacol\u00f3gico, este tipo de aborto est\u00e1 aprobado por la FDA para mujeres embarazadas de 10 semanas o antes.<\/span><\/p>\n<p>El primer f\u00e1rmaco se llama Mifepristona. Su funci\u00f3n es impedir que el \u00fatero absorba la hormona <em>progesterona<\/em>, denominada &#8220;hormona del embarazo&#8221;. La mifepristona provoca el adelgazamiento del revestimiento del \u00fatero e impide que el embarazo se implante o crezca.<\/p>\n<p>El segundo f\u00e1rmaco, el misoprostol, interrumpe el embarazo haciendo que el \u00fatero se contraiga, sufra calambres y expulse el embarazo por la vagina. El aborto m\u00e9dico conlleva un mayor riesgo de aborto incompleto, que requerir\u00eda un aborto quir\u00fargico posterior.<\/p>\n<h4><a href=\"https:\/\/www.mayoclinic.org\/tests-procedures\/medical-abortion\/about\/pac-20394687#:~:text=Potential%20risks%20of%20medical%20abortion,Heavy%20and%20prolonged%20bleeding\">Riesgos<\/a> del aborto m\u00e9dico<\/h4>\n<ul>\n<li>Aborto incompleto (puede ser necesario un aborto quir\u00fargico)<\/li>\n<li>Un embarazo no deseado en curso (si el procedimiento no funciona)<\/li>\n<li>Hemorragia intensa y prolongada<\/li>\n<li>Molestias del aparato digestivo<\/li>\n<li>Infecci\u00f3n<\/li>\n<li>Fiebre<\/li>\n<\/ul>\n<h3>Aborto quir\u00fargico<\/h3>\n<p><span data-slate-fragment=\"JTVCJTdCJTIydHlwZSUyMiUzQSUyMm51bWJlcmVkLWxpc3QlMjIlMkMlMjJjaGlsZHJlbiUyMiUzQSU1QiU3QiUyMnR5cGUlMjIlM0ElMjJsaXN0LWl0ZW0lMjIlMkMlMjJjaGlsZHJlbiUyMiUzQSU1QiU3QiUyMnRleHQlMjIlM0ElMjJJZiUyMHlvdSUyMGFyZSUyMHBhc3NlZCUyMHRoZSUyMHRpbWUlMjBmcmFtZSUyMGZvciUyMHJlY2VpdmluZyUyMHRoZSUyMG1lZGljYXRpb24lMjBhYm9ydGlvbiUyMG9yJTIwaWYlMjB0aGUlMjBtZWRpY2F0aW9uJTIwYWJvcnRpb24lMjBmYWlsZWQlMjB5b3UlMjB3aWxsJTIwbmVlZCUyMGElMjBzdXJnaWNhbCUyMHByb2NlZHVyZS4lRTIlODAlOUQlMjIlMkMlMjJib2xkJTIyJTNBdHJ1ZSUyQyUyMmNvbG9yJTIyJTNBJTIycmdiKDc0JTJDJTIwNzQlMkMlMjA3NCklMjIlN0QlNUQlN0QlNUQlN0QlNUQ=\">Si se te ha pasado el plazo para abortar con medicamentos o si el aborto con medicamentos ha fracasado, necesitar\u00e1s una intervenci\u00f3n quir\u00fargica.  <\/span>El aborto quir\u00fargico es m\u00e1s invasivo que el aborto m\u00e9dico y se realiza en una cl\u00ednica m\u00e9dica.<\/p>\n<p>Dependiendo de lo avanzada que est\u00e9 su gestaci\u00f3n, se decidir\u00e1 si se le practica un aborto por aspiraci\u00f3n endouterina, dilataci\u00f3n y legrado o dilataci\u00f3n y evacuaci\u00f3n. Cada procedimiento de aborto quir\u00fargico implica inyecciones, dilataci\u00f3n y un dispositivo de succi\u00f3n. Dado que cada procedimiento implica instrumentos y procesos quir\u00fargicos similares, comparten estos riesgos f\u00edsicos id\u00e9nticos&#8230;<\/p>\n<h4><a href=\"https:\/\/medlineplus.gov\/ency\/article\/002912.htm\">Riesgos<\/a> del aborto quir\u00fargico<\/h4>\n<ul>\n<li>Da\u00f1os en el \u00fatero o el cuello uterino<\/li>\n<li>Perforaci\u00f3n uterina<\/li>\n<li>Hemorragia excesiva<\/li>\n<li>Infecci\u00f3n del \u00fatero o de las trompas de Falopio<\/li>\n<li>Cicatrizaci\u00f3n del interior del \u00fatero<\/li>\n<li>Reacci\u00f3n a los medicamentos o a la anestesia, como problemas para respirar.<\/li>\n<li>Aborto incompleto (seguido de otro procedimiento)<\/li>\n<\/ul>\n<h2>Efectos secundarios emocionales<\/h2>\n<div class=\"fl-module fl-module-rich-text fl-node-5ec80589917eb\" data-node=\"5ec80589917eb\">\n<div class=\"fl-module-content fl-node-content\">\n<div class=\"fl-rich-text\">\n<p>El aborto tiene un componente emocional. La interrupci\u00f3n del embarazo provoca cambios hormonales que afectan al estado de \u00e1nimo, y tambi\u00e9n pueden producirse cambios psicol\u00f3gicos m\u00e1s importantes. Tener un aborto conlleva muchos sentimientos que pueden ser complejos y, a veces, poner en peligro la vida. He aqu\u00ed una lista de posibles sentimientos emocionales tras someterse a un procedimiento abortivo.<\/p>\n<ul>\n<li>Culpa<\/li>\n<li>Verg\u00fcenza<\/li>\n<li>Ira<\/li>\n<li>Soledad o aislamiento<\/li>\n<li>Baja autoestima<\/li>\n<li>Problemas para dormir<\/li>\n<li>Problemas para relacionarse<\/li>\n<li>Pensamientos y sentimientos suicidas<\/li>\n<li>Posibles trastornos alimentarios<\/li>\n<li>Ansiedad<\/li>\n<li>Depresi\u00f3n<\/li>\n<\/ul>\n<p><strong>**Si tiene pensamientos suicidas o depresi\u00f3n prolongada, busque un profesional m\u00e9dico inmediatamente.<\/strong><\/p>\n<\/div>\n<\/div>\n<\/div>\n<h2>Tomar una decisi\u00f3n<\/h2>\n<p>Antes de dar el siguiente paso hacia la decisi\u00f3n de embarazo, es necesario realizar una prueba de embarazo Y una ecograf\u00eda para confirmar el embarazo. Una ecograf\u00eda determinar\u00e1 el tipo de procedimiento abortivo al que puede optar y si su embarazo es sano y viable (est\u00e1 creciendo). Le alertar\u00e1 de cualquier posible complicaci\u00f3n del embarazo.<\/p>\n<p>Puede que a\u00fan tengas muchas preguntas, y no pasa nada. Hable con nuestro equipo m\u00e9dico para obtener m\u00e1s informaci\u00f3n sobre el aborto y todas sus opciones durante el embarazo. <a href=\"https:\/\/innervisionshealthcare.org\/es\/pongase-en-contacto-con-nosotros\/\">Concierte<\/a> una cita gratuita y confidencial.<\/p>\n<p>&nbsp;<\/p>\n<p><em>Innervisions Healthcare no practica ni deriva abortos.<\/em><\/p>\n","protected":false},"excerpt":{"rendered":"<p>Sabemos que esta decisi\u00f3n es dif\u00edcil; cualquier decisi\u00f3n sobre el embarazo lo es. Sepa que no est\u00e1 solo. Informarse y formarse m\u00e1s sobre el aborto y sus riesgos. Merece conocer a fondo cada procedimiento y lo que conlleva cada tipo de aborto. Antes de dar el siguiente paso hacia la decisi\u00f3n de quedarse embarazada, es necesario realizar una prueba de embarazo y una ecograf\u00eda para confirmar el embarazo. Si a\u00fan tiene preguntas, p\u00f3ngase en contacto con nosotros para conocer mejor sus opciones y obtener respuestas.<\/p>\n","protected":false},"author":1,"featured_media":0,"parent":948,"menu_order":5,"comment_status":"closed","ping_status":"closed","template":"","meta":{"_acf_changed":false,"footnotes":""},"class_list":["post-961","page","type-page","status-publish","hentry"],"acf":[],"yoast_head":"<!-- This site is optimized with the Yoast SEO plugin v27.3 - https:\/\/yoast.com\/product\/yoast-seo-wordpress\/ -->\n<title>Aborto | Innervisions Healthcare | Des Moines, IA<\/title>\n<meta name=\"description\" content=\"Read more about Aborto in this page. Innervisions Healthcare offers free and confidential pregnancy services. Schedule an appointment now!\" \/>\n<meta name=\"robots\" content=\"index, follow, max-snippet:-1, max-image-preview:large, max-video-preview:-1\" \/>\n<link rel=\"canonical\" href=\"https:\/\/innervisionshealthcare.org\/es\/opciones-de-embarazo\/aborto\/\" \/>\n<meta property=\"og:locale\" content=\"es_ES\" \/>\n<meta property=\"og:type\" content=\"article\" \/>\n<meta property=\"og:title\" content=\"Aborto | Innervisions Healthcare | Des Moines, IA\" \/>\n<meta property=\"og:description\" content=\"Read more about Aborto in this page. Innervisions Healthcare offers free and confidential pregnancy services. Schedule an appointment now!\" \/>\n<meta property=\"og:url\" content=\"https:\/\/innervisionshealthcare.org\/es\/opciones-de-embarazo\/aborto\/\" \/>\n<meta property=\"og:site_name\" content=\"Innervisions Healthcare\" \/>\n<meta name=\"twitter:card\" content=\"summary_large_image\" \/>\n<meta name=\"twitter:label1\" content=\"Est. reading time\" \/>\n\t<meta name=\"twitter:data1\" content=\"3 minutos\" \/>\n<!-- \/ Yoast SEO plugin. -->","yoast_head_json":{"title":"Aborto | Innervisions Healthcare | Des Moines, IA","description":"Read more about Aborto in this page. Innervisions Healthcare offers free and confidential pregnancy services. Schedule an appointment now!","robots":{"index":"index","follow":"follow","max-snippet":"max-snippet:-1","max-image-preview":"max-image-preview:large","max-video-preview":"max-video-preview:-1"},"canonical":"https:\/\/innervisionshealthcare.org\/es\/opciones-de-embarazo\/aborto\/","og_locale":"es_ES","og_type":"article","og_title":"Aborto | Innervisions Healthcare | Des Moines, IA","og_description":"Read more about Aborto in this page. Innervisions Healthcare offers free and confidential pregnancy services. Schedule an appointment now!","og_url":"https:\/\/innervisionshealthcare.org\/es\/opciones-de-embarazo\/aborto\/","og_site_name":"Innervisions Healthcare","twitter_card":"summary_large_image","twitter_misc":{"Est. reading time":"3 minutos"},"schema":{"@context":"https:\/\/schema.org","@graph":[{"@type":"WebPage","@id":"https:\/\/innervisionshealthcare.org\/es\/opciones-de-embarazo\/aborto\/","url":"https:\/\/innervisionshealthcare.org\/es\/opciones-de-embarazo\/aborto\/","name":"Aborto | Innervisions Healthcare | Des Moines, IA","isPartOf":{"@id":"http:\/\/innervisionshealthcare2.calevir.com\/#website"},"datePublished":"2017-07-08T01:00:12+00:00","description":"Read more about Aborto in this page. Innervisions Healthcare offers free and confidential pregnancy services. Schedule an appointment now!","breadcrumb":{"@id":"https:\/\/innervisionshealthcare.org\/es\/opciones-de-embarazo\/aborto\/#breadcrumb"},"inLanguage":"es","potentialAction":[{"@type":"ReadAction","target":["https:\/\/innervisionshealthcare.org\/es\/opciones-de-embarazo\/aborto\/"]}]},{"@type":"BreadcrumbList","@id":"https:\/\/innervisionshealthcare.org\/es\/opciones-de-embarazo\/aborto\/#breadcrumb","itemListElement":[{"@type":"ListItem","position":1,"name":"Home","item":"https:\/\/innervisionshealthcare.org\/es\/"},{"@type":"ListItem","position":2,"name":"Opciones","item":"https:\/\/innervisionshealthcare.org\/es\/opciones-de-embarazo\/"},{"@type":"ListItem","position":3,"name":"Aborto"}]},{"@type":"WebSite","@id":"http:\/\/innervisionshealthcare2.calevir.com\/#website","url":"http:\/\/innervisionshealthcare2.calevir.com\/","name":"Innervisions Healthcare","description":"","potentialAction":[{"@type":"SearchAction","target":{"@type":"EntryPoint","urlTemplate":"http:\/\/innervisionshealthcare2.calevir.com\/?s={search_term_string}"},"query-input":{"@type":"PropertyValueSpecification","valueRequired":true,"valueName":"search_term_string"}}],"inLanguage":"es"}]}},"_links":{"self":[{"href":"https:\/\/innervisionshealthcare.org\/es\/wp-json\/wp\/v2\/pages\/961","targetHints":{"allow":["GET"]}}],"collection":[{"href":"https:\/\/innervisionshealthcare.org\/es\/wp-json\/wp\/v2\/pages"}],"about":[{"href":"https:\/\/innervisionshealthcare.org\/es\/wp-json\/wp\/v2\/types\/page"}],"author":[{"embeddable":true,"href":"https:\/\/innervisionshealthcare.org\/es\/wp-json\/wp\/v2\/users\/1"}],"replies":[{"embeddable":true,"href":"https:\/\/innervisionshealthcare.org\/es\/wp-json\/wp\/v2\/comments?post=961"}],"version-history":[{"count":0,"href":"https:\/\/innervisionshealthcare.org\/es\/wp-json\/wp\/v2\/pages\/961\/revisions"}],"up":[{"embeddable":true,"href":"https:\/\/innervisionshealthcare.org\/es\/wp-json\/wp\/v2\/pages\/948"}],"wp:attachment":[{"href":"https:\/\/innervisionshealthcare.org\/es\/wp-json\/wp\/v2\/media?parent=961"}],"curies":[{"name":"wp","href":"https:\/\/api.w.org\/{rel}","templated":true}]}}